{"id":243873,"date":"2021-11-08T18:08:17","date_gmt":"2021-11-08T18:08:17","guid":{"rendered":"https:\/\/janweise.de\/?page_id=243873"},"modified":"2021-11-13T18:50:44","modified_gmt":"2021-11-13T18:50:44","slug":"ueber-mich","status":"publish","type":"page","link":"https:\/\/janweise.de\/?page_id=243873","title":{"rendered":"\u00dcBER MICH"},"content":{"rendered":"<p>[et_pb_section fb_built=&#8220;1&#8243; _builder_version=&#8220;4.12.0&#8243; global_colors_info=&#8220;{}&#8220;][et_pb_row _builder_version=&#8220;3.25&#8243; background_size=&#8220;initial&#8220; background_position=&#8220;top_left&#8220; background_repeat=&#8220;repeat&#8220; global_colors_info=&#8220;{}&#8220;][et_pb_column type=&#8220;4_4&#8243; _builder_version=&#8220;3.25&#8243; custom_padding=&#8220;|||&#8220; global_colors_info=&#8220;{}&#8220; custom_padding__hover=&#8220;|||&#8220;][et_pb_text _builder_version=&#8220;4.12.0&#8243; background_color=&#8220;#000000&#8243; background_size=&#8220;initial&#8220; background_position=&#8220;top_left&#8220; background_repeat=&#8220;repeat&#8220; global_colors_info=&#8220;{}&#8220;]<!-- divi:heading --><\/p>\n<h2><\/h2>\n<p><span style=\"color: #999999;\"><\/span><\/p>\n<h2><span style=\"color: #999999;\">\u00dcBE<\/span><span style=\"color: #999999;\">R MICH<\/span><\/h2>\n<p>&nbsp;<\/p>\n<p><!-- \/divi:paragraph -->[\/et_pb_text][et_pb_image src=&#8220;https:\/\/janweise.de\/wp-content\/uploads\/2021\/11\/IMG_0099-2-scaled.jpg&#8220; title_text=&#8220;IMG_0099-2&#8243; _builder_version=&#8220;4.13.1&#8243; _module_preset=&#8220;default&#8220; hover_enabled=&#8220;0&#8243; global_colors_info=&#8220;{}&#8220; max_width=&#8220;60%&#8220; sticky_enabled=&#8220;0&#8243;][\/et_pb_image][et_pb_text _builder_version=&#8220;4.12.0&#8243; background_color=&#8220;#000000&#8243; background_size=&#8220;initial&#8220; background_position=&#8220;top_left&#8220; background_repeat=&#8220;repeat&#8220; global_colors_info=&#8220;{}&#8220;]<!-- divi:heading --><\/p>\n<h2><\/h2>\n<p><span style=\"color: #999999;\"><\/span><\/p>\n<p>Die Fotografie geh\u00f6rte schon seit meiner Jugend zu meiner gro\u00dfen Leidenschaft und die Kamera ist mein st\u00e4ndiger Begleiter. Ich gehe mit offenen Augen und meiner fotografischen Perspektive durchs Leben. Die Leidenschaft zur Fotografie, die langj\u00e4hrige Erfahrung mit der Bildbearbeitung und zu guter Letzt, der unkomplizierte Umgang mit Menschen \u2013 diese Kombination f\u00fchrt zu einzigartigen Bildern.<\/p>\n<p>&nbsp;<\/p>\n<p>In Bezug auf meine Arbeit bin ich ein sehr perfektionistischer Mensch. Ich versuche die gew\u00fcnschte Bildidee oder die passende Emotion einzufangen f\u00fcr das perfekte Bild.<\/p>\n<p>&nbsp;<\/p>\n<p>Der pers\u00f6nliche Kontakt mit meinen Kunden, sowie eine entspannte Atmosph\u00e4re beim Shooting, sind mir bei meiner Arbeit sehr wichtig. Ich denke das erkennt man am Ende am Ergebnis.<\/p>\n<p>&nbsp;<\/p>\n<p>&nbsp;<\/p>\n<p>&nbsp;<\/p>\n<p>&nbsp;<\/p>\n<p>&nbsp;<\/p>\n<p>&nbsp;<\/p>\n<p><!-- \/divi:paragraph -->[\/et_pb_text][\/et_pb_column][\/et_pb_row][\/et_pb_section]<\/p>\n","protected":false},"excerpt":{"rendered":"<p>\u00dcBER MICH &nbsp; Die Fotografie geh\u00f6rte schon seit meiner Jugend zu meiner gro\u00dfen Leidenschaft und die Kamera ist mein st\u00e4ndiger Begleiter. Ich gehe mit offenen Augen und meiner fotografischen Perspektive durchs Leben. Die Leidenschaft zur Fotografie, die langj\u00e4hrige Erfahrung mit der Bildbearbeitung und zu guter Letzt, der unkomplizierte Umgang mit Menschen \u2013 diese Kombination f\u00fchrt [&hellip;]<\/p>\n","protected":false},"author":1,"featured_media":0,"parent":0,"menu_order":0,"comment_status":"closed","ping_status":"closed","template":"","meta":{"_et_pb_use_builder":"on","_et_pb_old_content":"","_et_gb_content_width":"","footnotes":""},"class_list":["post-243873","page","type-page","status-publish","hentry"],"_links":{"self":[{"href":"https:\/\/janweise.de\/index.php?rest_route=\/wp\/v2\/pages\/243873","targetHints":{"allow":["GET"]}}],"collection":[{"href":"https:\/\/janweise.de\/index.php?rest_route=\/wp\/v2\/pages"}],"about":[{"href":"https:\/\/janweise.de\/index.php?rest_route=\/wp\/v2\/types\/page"}],"author":[{"embeddable":true,"href":"https:\/\/janweise.de\/index.php?rest_route=\/wp\/v2\/users\/1"}],"replies":[{"embeddable":true,"href":"https:\/\/janweise.de\/index.php?rest_route=%2Fwp%2Fv2%2Fcomments&post=243873"}],"version-history":[{"count":6,"href":"https:\/\/janweise.de\/index.php?rest_route=\/wp\/v2\/pages\/243873\/revisions"}],"predecessor-version":[{"id":243905,"href":"https:\/\/janweise.de\/index.php?rest_route=\/wp\/v2\/pages\/243873\/revisions\/243905"}],"wp:attachment":[{"href":"https:\/\/janweise.de\/index.php?rest_route=%2Fwp%2Fv2%2Fmedia&parent=243873"}],"curies":[{"name":"wp","href":"https:\/\/api.w.org\/{rel}","templated":true}]}}